{"id":3996,"date":"2025-10-15T18:09:45","date_gmt":"2025-10-15T16:09:45","guid":{"rendered":"https:\/\/www.silbaranera.com\/?post_type=product&#038;p=3996"},"modified":"2025-10-15T18:48:02","modified_gmt":"2025-10-15T16:48:02","slug":"clutch-bolso-marmota","status":"publish","type":"product","link":"https:\/\/www.silbaranera.com\/eng\/shop\/clutch-bolso-marmota\/","title":{"rendered":"CLUTCH-Bolso Marmota"},"content":{"rendered":"<p>Clutch-Bolso mini de pelo natural marmota finlandesa. La puedes llevar cruzada, al hombro o si lo prefieres, atada a la cintura, ya que incluye una pesta\u00f1a invisible en la parte de atr\u00e1s para pasar una correa o cintur\u00f3n. Incluye correa fina de piel larga y otra corta para llevarlo en mano (Clutch), ambas con mosquetones. Interior forrado y cierre de tapa con im\u00e1n.<\/p>\n<h3>COMPOSITION:<\/h3>\n<p>Composici\u00f3n: Tapa 100% pelo de marmota finlandesa .Correa larga y asa de mano de piel. Estructura del clutch en piel.<\/p>\n<p>Colores disponibles: Marmota y piel color negro o piel en color marr\u00f3n oscuro.<\/p>\n<h3>MEASURES:<\/h3>\n<p>Medidas Bolso: <strong>24<\/strong>\u00a0x <strong>16<\/strong>\u00a0x<strong> 6<\/strong>\u00a0cm.<\/p>\n<p><em>Todas nuestros clutch son series limitadas y diferentes entre s\u00ed seg\u00fan la piel disponible. El pelo puede sufrir variaciones de tono en el color al tratarse de pelo natural.<\/em><\/p>","protected":false},"excerpt":{"rendered":"<p>Clutch-Bolso mini de pelo natural marmota finlandesa. La puedes llevar cruzada, al hombro o si lo prefieres, atada a la cintura, ya que incluye una pesta\u00f1a invisible en la parte de atr\u00e1s para pasar una correa o cintur\u00f3n. Incluye correa fina de piel larga y otra corta para llevarlo en mano (Clutch), ambas con mosquetones. [&hellip;]<\/p>\n","protected":false},"featured_media":4070,"comment_status":"closed","ping_status":"closed","template":"","meta":[],"product_brand":[],"product_cat":[22],"product_tag":[],"class_list":{"0":"post-3996","1":"product","2":"type-product","3":"status-publish","4":"has-post-thumbnail","6":"product_cat-bolsos-piel-tejido","8":"first","9":"instock","10":"taxable","11":"shipping-taxable","12":"purchasable","13":"product-type-simple"},"_links":{"self":[{"href":"https:\/\/www.silbaranera.com\/eng\/wp-json\/wp\/v2\/product\/3996","targetHints":{"allow":["GET"]}}],"collection":[{"href":"https:\/\/www.silbaranera.com\/eng\/wp-json\/wp\/v2\/product"}],"about":[{"href":"https:\/\/www.silbaranera.com\/eng\/wp-json\/wp\/v2\/types\/product"}],"replies":[{"embeddable":true,"href":"https:\/\/www.silbaranera.com\/eng\/wp-json\/wp\/v2\/comments?post=3996"}],"version-history":[{"count":1,"href":"https:\/\/www.silbaranera.com\/eng\/wp-json\/wp\/v2\/product\/3996\/revisions"}],"predecessor-version":[{"id":3997,"href":"https:\/\/www.silbaranera.com\/eng\/wp-json\/wp\/v2\/product\/3996\/revisions\/3997"}],"wp:featuredmedia":[{"embeddable":true,"href":"https:\/\/www.silbaranera.com\/eng\/wp-json\/wp\/v2\/media\/4070"}],"wp:attachment":[{"href":"https:\/\/www.silbaranera.com\/eng\/wp-json\/wp\/v2\/media?parent=3996"}],"wp:term":[{"taxonomy":"product_brand","embeddable":true,"href":"https:\/\/www.silbaranera.com\/eng\/wp-json\/wp\/v2\/product_brand?post=3996"},{"taxonomy":"product_cat","embeddable":true,"href":"https:\/\/www.silbaranera.com\/eng\/wp-json\/wp\/v2\/product_cat?post=3996"},{"taxonomy":"product_tag","embeddable":true,"href":"https:\/\/www.silbaranera.com\/eng\/wp-json\/wp\/v2\/product_tag?post=3996"}],"curies":[{"name":"wp","href":"https:\/\/api.w.org\/{rel}","templated":true}]}}