{"id":3920,"date":"2025-10-15T18:02:04","date_gmt":"2025-10-15T16:02:04","guid":{"rendered":"https:\/\/www.silbaranera.com\/?post_type=product&#038;p=3920"},"modified":"2025-10-15T18:51:35","modified_gmt":"2025-10-15T16:51:35","slug":"clutch-bolso-renard","status":"publish","type":"product","link":"https:\/\/www.silbaranera.com\/eng\/shop\/clutch-bolso-renard\/","title":{"rendered":"CLUTCH-Bolso Renard"},"content":{"rendered":"<p>Clutch-Bolso mini de pelo natural zorro. La puedes llevar cruzada, al hombro o si lo prefieres, atada a la cintura, ya que incluye una pesta\u00f1a invisible en la parte de atr\u00e1s para pasar una correa o cintur\u00f3n. Incluye correa fina de piel larga y otra corta para llevarlo en mano (Clutch), ambas con mosquetones. Interior forrado y cierre de tapa con im\u00e1n.<\/p>\n<h3>COMPOSITION:<\/h3>\n<p>Composici\u00f3n: Tapa 100% pelo de zorro (Renard).Correa larga y asa de mano de piel. Estructura del clutch en piel.<\/p>\n<p>Colores disponibles: Renard y piel color negro, Renard y piel en color marr\u00f3n oscuro.<\/p>\n<h3>MEASURES:<\/h3>\n<p>Medidas Bolso: <strong>24<\/strong>\u00a0x <strong>16<\/strong>\u00a0x<strong> 6<\/strong>\u00a0cm.<\/p>\n<p><em>Todas nuestros clutch son series limitadas y diferentes entre s\u00ed seg\u00fan la piel disponible. El pelo puede sufrir variaciones de tono en el color al tratarse de pelo natural.<\/em><\/p>","protected":false},"excerpt":{"rendered":"<p>Clutch-Bolso mini de pelo natural zorro. La puedes llevar cruzada, al hombro o si lo prefieres, atada a la cintura, ya que incluye una pesta\u00f1a invisible en la parte de atr\u00e1s para pasar una correa o cintur\u00f3n. Incluye correa fina de piel larga y otra corta para llevarlo en mano (Clutch), ambas con mosquetones. Interior [&hellip;]<\/p>\n","protected":false},"featured_media":4065,"comment_status":"closed","ping_status":"closed","template":"","meta":[],"product_brand":[],"product_cat":[22],"product_tag":[],"class_list":{"0":"post-3920","1":"product","2":"type-product","3":"status-publish","4":"has-post-thumbnail","6":"product_cat-bolsos-piel-tejido","8":"first","9":"instock","10":"taxable","11":"shipping-taxable","12":"purchasable","13":"product-type-variable"},"_links":{"self":[{"href":"https:\/\/www.silbaranera.com\/eng\/wp-json\/wp\/v2\/product\/3920","targetHints":{"allow":["GET"]}}],"collection":[{"href":"https:\/\/www.silbaranera.com\/eng\/wp-json\/wp\/v2\/product"}],"about":[{"href":"https:\/\/www.silbaranera.com\/eng\/wp-json\/wp\/v2\/types\/product"}],"replies":[{"embeddable":true,"href":"https:\/\/www.silbaranera.com\/eng\/wp-json\/wp\/v2\/comments?post=3920"}],"version-history":[{"count":2,"href":"https:\/\/www.silbaranera.com\/eng\/wp-json\/wp\/v2\/product\/3920\/revisions"}],"predecessor-version":[{"id":3995,"href":"https:\/\/www.silbaranera.com\/eng\/wp-json\/wp\/v2\/product\/3920\/revisions\/3995"}],"wp:featuredmedia":[{"embeddable":true,"href":"https:\/\/www.silbaranera.com\/eng\/wp-json\/wp\/v2\/media\/4065"}],"wp:attachment":[{"href":"https:\/\/www.silbaranera.com\/eng\/wp-json\/wp\/v2\/media?parent=3920"}],"wp:term":[{"taxonomy":"product_brand","embeddable":true,"href":"https:\/\/www.silbaranera.com\/eng\/wp-json\/wp\/v2\/product_brand?post=3920"},{"taxonomy":"product_cat","embeddable":true,"href":"https:\/\/www.silbaranera.com\/eng\/wp-json\/wp\/v2\/product_cat?post=3920"},{"taxonomy":"product_tag","embeddable":true,"href":"https:\/\/www.silbaranera.com\/eng\/wp-json\/wp\/v2\/product_tag?post=3920"}],"curies":[{"name":"wp","href":"https:\/\/api.w.org\/{rel}","templated":true}]}}