{"id":3846,"date":"2025-09-26T17:50:59","date_gmt":"2025-09-26T15:50:59","guid":{"rendered":"https:\/\/www.silbaranera.com\/?post_type=product&#038;p=3846"},"modified":"2026-02-11T13:45:30","modified_gmt":"2026-02-11T12:45:30","slug":"rever-choco-gris-marron","status":"publish","type":"product","link":"https:\/\/www.silbaranera.com\/eng\/shop\/rever-choco-gris-marron\/","title":{"rendered":"REVER Choco &#038; gris marr\u00f3n"},"content":{"rendered":"<p>Bolso REVERSIBLE de piel girada <em>Double face.<\/em><\/p>\n<p><strong>Dos bolsos en uno<\/strong>. Por un lado, tenemos la cara napaland en piel, color marr\u00f3n chocolate y por otro lado un suave mouton merino tono gris marr\u00f3n. Cierre con tapa y bot\u00f3n a ambos lados. Base de napa en ambos lados.<\/p>\n<p><strong>Composici\u00f3n:<\/strong> 100% piel bovina <em>Double face<\/em>.<\/p>\n<p><strong>Composici\u00f3n asas:<\/strong> Asa ancha de piel y\u00a0 correa extensible extra\u00edble\u00a0 con mosquetones para llevar cruzado el bolso.<\/p>\n<p><strong>Medidas:<\/strong> 35 cm x 28 cm x 13 cm<\/p>\n<h3><\/h3>\n<p><em>\"LIMITED SERIES\"<\/em><\/p>\n<p><em>Todos nuestros bolsos Reversibles son series limitadas, al tratarse de partidas \u00fanicas.\u00a0<\/em><\/p>","protected":false},"excerpt":{"rendered":"<p>Bolso REVERSIBLE de piel girada Double face. Dos bolsos en uno. Por un lado, tenemos la cara napaland en piel, color marr\u00f3n chocolate y por otro lado un suave mouton merino tono gris marr\u00f3n. Cierre con tapa y bot\u00f3n a ambos lados. Base de napa en ambos lados. Composici\u00f3n: 100% piel bovina Double face. Composici\u00f3n [&hellip;]<\/p>\n","protected":false},"featured_media":3853,"comment_status":"closed","ping_status":"closed","template":"","meta":[],"product_brand":[],"product_cat":[58],"product_tag":[],"class_list":{"0":"post-3846","1":"product","2":"type-product","3":"status-publish","4":"has-post-thumbnail","6":"product_cat-bolsos-doubleface","8":"first","9":"outofstock","10":"taxable","11":"shipping-taxable","12":"purchasable","13":"product-type-simple"},"_links":{"self":[{"href":"https:\/\/www.silbaranera.com\/eng\/wp-json\/wp\/v2\/product\/3846","targetHints":{"allow":["GET"]}}],"collection":[{"href":"https:\/\/www.silbaranera.com\/eng\/wp-json\/wp\/v2\/product"}],"about":[{"href":"https:\/\/www.silbaranera.com\/eng\/wp-json\/wp\/v2\/types\/product"}],"replies":[{"embeddable":true,"href":"https:\/\/www.silbaranera.com\/eng\/wp-json\/wp\/v2\/comments?post=3846"}],"version-history":[{"count":3,"href":"https:\/\/www.silbaranera.com\/eng\/wp-json\/wp\/v2\/product\/3846\/revisions"}],"predecessor-version":[{"id":3858,"href":"https:\/\/www.silbaranera.com\/eng\/wp-json\/wp\/v2\/product\/3846\/revisions\/3858"}],"wp:featuredmedia":[{"embeddable":true,"href":"https:\/\/www.silbaranera.com\/eng\/wp-json\/wp\/v2\/media\/3853"}],"wp:attachment":[{"href":"https:\/\/www.silbaranera.com\/eng\/wp-json\/wp\/v2\/media?parent=3846"}],"wp:term":[{"taxonomy":"product_brand","embeddable":true,"href":"https:\/\/www.silbaranera.com\/eng\/wp-json\/wp\/v2\/product_brand?post=3846"},{"taxonomy":"product_cat","embeddable":true,"href":"https:\/\/www.silbaranera.com\/eng\/wp-json\/wp\/v2\/product_cat?post=3846"},{"taxonomy":"product_tag","embeddable":true,"href":"https:\/\/www.silbaranera.com\/eng\/wp-json\/wp\/v2\/product_tag?post=3846"}],"curies":[{"name":"wp","href":"https:\/\/api.w.org\/{rel}","templated":true}]}}