{"id":3517,"date":"2024-11-22T21:34:14","date_gmt":"2024-11-22T20:34:14","guid":{"rendered":"https:\/\/www.silbaranera.com\/?post_type=product&#038;p=3517"},"modified":"2025-10-08T16:03:34","modified_gmt":"2025-10-08T14:03:34","slug":"capa-lana-camel","status":"publish","type":"product","link":"https:\/\/www.silbaranera.com\/eng\/shop\/capa-lana-camel\/","title":{"rendered":"CAPA Lana camel"},"content":{"rendered":"<p>Chaqueta capa en lana 100% con cuello subido tipo austriaca y aplicaciones de piel en cuello y espalda (extra\u00edbles e intercambiables).<\/p>\n<p>Incluye dos juegos de color de piel para cuello y espalda: napa color burdeos y napa color negro.<\/p>\n<p>Botones met\u00e1licos y cierre a presi\u00f3n.<\/p>\n<p>Talla \u00danica<\/p>\n<p><strong>Composici\u00f3n: <\/strong>\u00a0LANA 100 %\u00a0 Piel ovina 100 %<\/p>","protected":false},"excerpt":{"rendered":"<p>Chaqueta capa en lana 100% con cuello subido tipo austriaca y aplicaciones de piel en cuello y espalda (extra\u00edbles e intercambiables). Incluye dos juegos de color de piel para cuello y espalda: napa color burdeos y napa color negro. Botones met\u00e1licos y cierre a presi\u00f3n. Talla \u00danica Composici\u00f3n: \u00a0LANA 100 %\u00a0 Piel ovina 100 %<\/p>","protected":false},"featured_media":3519,"comment_status":"closed","ping_status":"closed","template":"","meta":[],"product_brand":[],"product_cat":[57],"product_tag":[],"class_list":{"0":"post-3517","1":"product","2":"type-product","3":"status-publish","4":"has-post-thumbnail","6":"product_cat-chalecos-y-capas","8":"first","9":"outofstock","10":"taxable","11":"shipping-taxable","12":"purchasable","13":"product-type-simple"},"_links":{"self":[{"href":"https:\/\/www.silbaranera.com\/eng\/wp-json\/wp\/v2\/product\/3517","targetHints":{"allow":["GET"]}}],"collection":[{"href":"https:\/\/www.silbaranera.com\/eng\/wp-json\/wp\/v2\/product"}],"about":[{"href":"https:\/\/www.silbaranera.com\/eng\/wp-json\/wp\/v2\/types\/product"}],"replies":[{"embeddable":true,"href":"https:\/\/www.silbaranera.com\/eng\/wp-json\/wp\/v2\/comments?post=3517"}],"version-history":[{"count":1,"href":"https:\/\/www.silbaranera.com\/eng\/wp-json\/wp\/v2\/product\/3517\/revisions"}],"predecessor-version":[{"id":3522,"href":"https:\/\/www.silbaranera.com\/eng\/wp-json\/wp\/v2\/product\/3517\/revisions\/3522"}],"wp:featuredmedia":[{"embeddable":true,"href":"https:\/\/www.silbaranera.com\/eng\/wp-json\/wp\/v2\/media\/3519"}],"wp:attachment":[{"href":"https:\/\/www.silbaranera.com\/eng\/wp-json\/wp\/v2\/media?parent=3517"}],"wp:term":[{"taxonomy":"product_brand","embeddable":true,"href":"https:\/\/www.silbaranera.com\/eng\/wp-json\/wp\/v2\/product_brand?post=3517"},{"taxonomy":"product_cat","embeddable":true,"href":"https:\/\/www.silbaranera.com\/eng\/wp-json\/wp\/v2\/product_cat?post=3517"},{"taxonomy":"product_tag","embeddable":true,"href":"https:\/\/www.silbaranera.com\/eng\/wp-json\/wp\/v2\/product_tag?post=3517"}],"curies":[{"name":"wp","href":"https:\/\/api.w.org\/{rel}","templated":true}]}}