{"id":3471,"date":"2024-11-03T20:28:30","date_gmt":"2024-11-03T19:28:30","guid":{"rendered":"https:\/\/www.silbaranera.com\/?post_type=product&#038;p=3471"},"modified":"2025-09-26T18:43:53","modified_gmt":"2025-09-26T16:43:53","slug":"rever-negro","status":"publish","type":"product","link":"https:\/\/www.silbaranera.com\/eng\/shop\/rever-negro\/","title":{"rendered":"REVER Negro"},"content":{"rendered":"<p>Bolso REVERSIBLE de piel girada <em>Double face.<\/em><\/p>\n<p><strong>Dos bolsos en uno<\/strong>. Por un lado, tenemos la cara napaland en piel, color negro intenso y por otro lado un suave mouton merino a tono. Cierre con tapa y bot\u00f3n tipo cuerno. Ambas lados permiten cerrar el bolso con la tapa y el bot\u00f3n.<\/p>\n<p class=\"translation-block\">Composition: 100% <em>Double face<\/em> lamb leather.<\/p>\n<p><strong>Composici\u00f3n asas:<\/strong> Asa ancha de piel y\u00a0 correa extensible negra\u00a0 con mosquetones para llevar cruzado el bolso.<\/p>\n<p><strong>Medidas:<\/strong> 35 cm x 28 cm x 13 cm<\/p>\n<h3><\/h3>\n<p><em>\"LIMITED SERIES\"<\/em><\/p>\n<p><em>Todos nuestros bolsos Reversibles son series limitadas seg\u00fan la piel disponible, al tratarse de partidas \u00fanicas.<\/em><\/p>","protected":false},"excerpt":{"rendered":"<p>Bolso REVERSIBLE de piel girada Double face. Dos bolsos en uno. Por un lado, tenemos la cara napaland en piel, color negro intenso y por otro lado un suave mouton merino a tono. Cierre con tapa y bot\u00f3n tipo cuerno. Ambas lados permiten cerrar el bolso con la tapa y el bot\u00f3n. Composici\u00f3n: 100% piel [&hellip;]<\/p>\n","protected":false},"featured_media":3473,"comment_status":"closed","ping_status":"closed","template":"","meta":[],"product_brand":[],"product_cat":[58],"product_tag":[],"class_list":{"0":"post-3471","1":"product","2":"type-product","3":"status-publish","4":"has-post-thumbnail","6":"product_cat-bolsos-doubleface","8":"first","9":"instock","10":"taxable","11":"shipping-taxable","12":"purchasable","13":"product-type-simple"},"_links":{"self":[{"href":"https:\/\/www.silbaranera.com\/eng\/wp-json\/wp\/v2\/product\/3471","targetHints":{"allow":["GET"]}}],"collection":[{"href":"https:\/\/www.silbaranera.com\/eng\/wp-json\/wp\/v2\/product"}],"about":[{"href":"https:\/\/www.silbaranera.com\/eng\/wp-json\/wp\/v2\/types\/product"}],"replies":[{"embeddable":true,"href":"https:\/\/www.silbaranera.com\/eng\/wp-json\/wp\/v2\/comments?post=3471"}],"version-history":[{"count":4,"href":"https:\/\/www.silbaranera.com\/eng\/wp-json\/wp\/v2\/product\/3471\/revisions"}],"predecessor-version":[{"id":3886,"href":"https:\/\/www.silbaranera.com\/eng\/wp-json\/wp\/v2\/product\/3471\/revisions\/3886"}],"wp:featuredmedia":[{"embeddable":true,"href":"https:\/\/www.silbaranera.com\/eng\/wp-json\/wp\/v2\/media\/3473"}],"wp:attachment":[{"href":"https:\/\/www.silbaranera.com\/eng\/wp-json\/wp\/v2\/media?parent=3471"}],"wp:term":[{"taxonomy":"product_brand","embeddable":true,"href":"https:\/\/www.silbaranera.com\/eng\/wp-json\/wp\/v2\/product_brand?post=3471"},{"taxonomy":"product_cat","embeddable":true,"href":"https:\/\/www.silbaranera.com\/eng\/wp-json\/wp\/v2\/product_cat?post=3471"},{"taxonomy":"product_tag","embeddable":true,"href":"https:\/\/www.silbaranera.com\/eng\/wp-json\/wp\/v2\/product_tag?post=3471"}],"curies":[{"name":"wp","href":"https:\/\/api.w.org\/{rel}","templated":true}]}}