{"id":2910,"date":"2024-04-30T10:26:43","date_gmt":"2024-04-30T08:26:43","guid":{"rendered":"https:\/\/www.silbaranera.com\/?post_type=product&#038;p=2910"},"modified":"2025-10-08T16:26:58","modified_gmt":"2025-10-08T14:26:58","slug":"reixa-natural","status":"publish","type":"product","link":"https:\/\/www.silbaranera.com\/eng\/shop\/reixa-natural\/","title":{"rendered":"REIXA natural"},"content":{"rendered":"<p>Bolso de piel natural troquelada en forma de reja. En su interior se compone de un conjunto de bolsa de tejido de algod\u00f3n y una cartera neceser de piel. Ambos interiores son intercambiables entres si, teniendo dos o tres opciones diferentes de bolso; la cartera de piel tambi\u00e9n la puedes llevar como bolso con su correa para cruzar o llevar al hombro.\u00a0 La piel es de curtici\u00f3n vegetal, cuyo proceso es respetuoso con el medio ambiente. Disponible tambi\u00e9n el Cluth de la misma colecci\u00f3n\u00a0<em><a href=\"https:\/\/www.silbaranera.com\/eng\/shop\/reixeta-natural\/\">REIXETA natural<\/a><\/em> y una shopper estructurada <em><a href=\"https:\/\/www.silbaranera.com\/eng\/shop\/reixa-plus\/\">REIXA plus<\/a><\/em><\/p>\n<p><strong>Material:<\/strong>\u00a0 100% piel vacuna de curtici\u00f3n natural.<\/p>\n<p>Saco interior extra\u00edble 80 % algod\u00f3n 20 % PES.<\/p>\n<p><strong>Medidas:\u00a0<\/strong>Bolso: 38 cm altura x 30cm ancho x 6 cm fondo. Asas 28 cm<\/p>\n<p>Cartera interior: 18 cm altura x 28 cm ancho x 6 cm fondo. Correa de piel regulable de 2 cm ancho.<\/p>","protected":false},"excerpt":{"rendered":"<p>Bolso de piel natural troquelada en forma de reja. En su interior se compone de un conjunto de bolsa de tejido de algod\u00f3n y una cartera neceser de piel. Ambos interiores son intercambiables entres si, teniendo dos o tres opciones diferentes de bolso; la cartera de piel tambi\u00e9n la puedes llevar como bolso con su [&hellip;]<\/p>\n","protected":false},"featured_media":2943,"comment_status":"closed","ping_status":"closed","template":"","meta":[],"product_brand":[],"product_cat":[27],"product_tag":[],"class_list":{"0":"post-2910","1":"product","2":"type-product","3":"status-publish","4":"has-post-thumbnail","6":"product_cat-bolsos-tejido-piel","8":"first","9":"instock","10":"taxable","11":"shipping-taxable","12":"purchasable","13":"product-type-simple"},"_links":{"self":[{"href":"https:\/\/www.silbaranera.com\/eng\/wp-json\/wp\/v2\/product\/2910","targetHints":{"allow":["GET"]}}],"collection":[{"href":"https:\/\/www.silbaranera.com\/eng\/wp-json\/wp\/v2\/product"}],"about":[{"href":"https:\/\/www.silbaranera.com\/eng\/wp-json\/wp\/v2\/types\/product"}],"replies":[{"embeddable":true,"href":"https:\/\/www.silbaranera.com\/eng\/wp-json\/wp\/v2\/comments?post=2910"}],"version-history":[{"count":4,"href":"https:\/\/www.silbaranera.com\/eng\/wp-json\/wp\/v2\/product\/2910\/revisions"}],"predecessor-version":[{"id":2948,"href":"https:\/\/www.silbaranera.com\/eng\/wp-json\/wp\/v2\/product\/2910\/revisions\/2948"}],"wp:featuredmedia":[{"embeddable":true,"href":"https:\/\/www.silbaranera.com\/eng\/wp-json\/wp\/v2\/media\/2943"}],"wp:attachment":[{"href":"https:\/\/www.silbaranera.com\/eng\/wp-json\/wp\/v2\/media?parent=2910"}],"wp:term":[{"taxonomy":"product_brand","embeddable":true,"href":"https:\/\/www.silbaranera.com\/eng\/wp-json\/wp\/v2\/product_brand?post=2910"},{"taxonomy":"product_cat","embeddable":true,"href":"https:\/\/www.silbaranera.com\/eng\/wp-json\/wp\/v2\/product_cat?post=2910"},{"taxonomy":"product_tag","embeddable":true,"href":"https:\/\/www.silbaranera.com\/eng\/wp-json\/wp\/v2\/product_tag?post=2910"}],"curies":[{"name":"wp","href":"https:\/\/api.w.org\/{rel}","templated":true}]}}