{"id":2444,"date":"2023-09-29T10:19:20","date_gmt":"2023-09-29T08:19:20","guid":{"rendered":"https:\/\/www.silbaranera.com\/?post_type=product&#038;p=2444"},"modified":"2026-02-11T14:08:06","modified_gmt":"2026-02-11T13:08:06","slug":"bolso-sofia-piel","status":"publish","type":"product","link":"https:\/\/www.silbaranera.com\/eng\/shop\/bolso-sofia-piel\/","title":{"rendered":"Bolso SOFIA piel"},"content":{"rendered":"<p>Bolso de pelo de vis\u00f3n <em>*upcycling<\/em>. Tama\u00f1o ideal para llevar mas de lo imprescindible. Cierre con cremallera, forrado y con dos bandas para colgar: una corta de hombro de piel\u00a0 y una larga regulable para cruzar. Ambas incluidas y pudiendo ser intercambiables.<\/p>\n<p>Disponible en diferentes tonalidades:\u00a0 Demibuf cl\u00e1sico medio (vis\u00f3n marr\u00f3n medio\/claro) y Demibuf cl\u00e1sico oscuro (diamante negro) y Lutecia (gris con tono marr\u00f3n) . Si te gusta que los complementos aporten un toque de distinci\u00f3n, comb\u00ednalo con nuestro cintur\u00f3n a tono natural del bolso. Ideal. <strong><a href=\"https:\/\/www.silbaranera.com\/eng\/shop\/cinturon-hebilla-pelo-natural\/\">Cintur\u00f3n Hebilla pelo natural<\/a><\/strong><\/p>\n<p>Medidas: <strong>30<\/strong> cm ancho x <strong>22<\/strong> cm largo x <strong>5<\/strong> cm fondo.<\/p>\n<p>Confecci\u00f3n: Piel de pelo de vis\u00f3n natural <em>*upcycling.\u00a0<\/em>Piel vacuna en correa y acabados. Mosquetones met\u00e1licos.<\/p>\n<p><em>*upcycling: pelo reutilizado de vis\u00f3n natural, recuperado y transformado a partir de abrigos en sesudo del mismo pelo.<\/em><\/p>","protected":false},"excerpt":{"rendered":"<p>Bolso de pelo de vis\u00f3n *upcycling. Tama\u00f1o ideal para llevar mas de lo imprescindible. Cierre con cremallera, forrado y con dos bandas para colgar: una corta de hombro de piel\u00a0 y una larga regulable para cruzar. Ambas incluidas y pudiendo ser intercambiables. Disponible en diferentes tonalidades:\u00a0 Demibuf cl\u00e1sico medio (vis\u00f3n marr\u00f3n medio\/claro) y Demibuf cl\u00e1sico [&hellip;]<\/p>\n","protected":false},"featured_media":3438,"comment_status":"closed","ping_status":"closed","template":"","meta":[],"product_brand":[],"product_cat":[23],"product_tag":[],"class_list":{"0":"post-2444","1":"product","2":"type-product","3":"status-publish","4":"has-post-thumbnail","6":"product_cat-bolsos-piel","8":"first","9":"onbackorder","10":"taxable","11":"shipping-taxable","12":"purchasable","13":"product-type-variable"},"_links":{"self":[{"href":"https:\/\/www.silbaranera.com\/eng\/wp-json\/wp\/v2\/product\/2444","targetHints":{"allow":["GET"]}}],"collection":[{"href":"https:\/\/www.silbaranera.com\/eng\/wp-json\/wp\/v2\/product"}],"about":[{"href":"https:\/\/www.silbaranera.com\/eng\/wp-json\/wp\/v2\/types\/product"}],"replies":[{"embeddable":true,"href":"https:\/\/www.silbaranera.com\/eng\/wp-json\/wp\/v2\/comments?post=2444"}],"version-history":[{"count":4,"href":"https:\/\/www.silbaranera.com\/eng\/wp-json\/wp\/v2\/product\/2444\/revisions"}],"predecessor-version":[{"id":3329,"href":"https:\/\/www.silbaranera.com\/eng\/wp-json\/wp\/v2\/product\/2444\/revisions\/3329"}],"wp:featuredmedia":[{"embeddable":true,"href":"https:\/\/www.silbaranera.com\/eng\/wp-json\/wp\/v2\/media\/3438"}],"wp:attachment":[{"href":"https:\/\/www.silbaranera.com\/eng\/wp-json\/wp\/v2\/media?parent=2444"}],"wp:term":[{"taxonomy":"product_brand","embeddable":true,"href":"https:\/\/www.silbaranera.com\/eng\/wp-json\/wp\/v2\/product_brand?post=2444"},{"taxonomy":"product_cat","embeddable":true,"href":"https:\/\/www.silbaranera.com\/eng\/wp-json\/wp\/v2\/product_cat?post=2444"},{"taxonomy":"product_tag","embeddable":true,"href":"https:\/\/www.silbaranera.com\/eng\/wp-json\/wp\/v2\/product_tag?post=2444"}],"curies":[{"name":"wp","href":"https:\/\/api.w.org\/{rel}","templated":true}]}}