{"id":190,"date":"2021-06-11T12:23:52","date_gmt":"2021-06-11T10:23:52","guid":{"rendered":"https:\/\/www.silbaranera.com\/?post_type=product&#038;p=190"},"modified":"2026-03-14T00:21:46","modified_gmt":"2026-03-13T23:21:46","slug":"rinonera-mini","status":"publish","type":"product","link":"https:\/\/www.silbaranera.com\/eng\/shop\/rinonera-mini\/","title":{"rendered":"CLUTCH-Bolso vis\u00f3n"},"content":{"rendered":"<p>Clutch-Bolso mini de lomos de vis\u00f3n <em>*upcycling<\/em>. La puedes llevar cruzada, al hombro o si lo prefieres, atada a la cintura, ya que incluye una pesta\u00f1a invisible en la parte de atr\u00e1s para pasar una correa o cintur\u00f3n. Incluye correa fina de piel larga y otra corta para llevarlo en mano, ambas con mosquetones para intercambiar. Interior forrado y cierre de tapa con im\u00e1n.<\/p>\n<p>Puedes combinar a tono con nuestro cintur\u00f3n de hebilla de vis\u00f3n. Escoge tu talla y combinaci\u00f3n. <a href=\"https:\/\/www.silbaranera.com\/eng\/shop\/cinturon-hebilla-pelo-natural\/\">Cintur\u00f3n Hebilla pelo natural<\/a><\/p>\n<p>Tambi\u00e9n la puedes llevar como bolso de mano junto el asa de mu\u00f1eca del mismo pelo y color <a href=\"https:\/\/www.silbaranera.com\/eng\/shop\/asa-vison\/\">ASA mano vis\u00f3n<\/a><\/p>\n<h3>COMPOSITION:<\/h3>\n<p>Composici\u00f3n: 100% pelo de vis\u00f3n *<em>upcycling<\/em>.<\/p>\n<p>Colores disponibles: vis\u00f3n demibuff marr\u00f3n medio, demibuff\u00a0 marr\u00f3n oscuro.<\/p>\n<p>Composici\u00f3n banda de colgar: Correa de piel con mosquetones.<\/p>\n<p><em>*pelo de vis\u00f3n natural, recuperado y transformado a partir de abrigos del mismo pelo.<\/em><\/p>\n<h3>MEASURES:<\/h3>\n<p>Medidas Bolso: <strong>24<\/strong>\u00a0x <strong>16<\/strong>\u00a0x<strong> 6<\/strong>\u00a0cm.<\/p>\n<p>&nbsp;<\/p>","protected":false},"excerpt":{"rendered":"<p>Clutch-Bolso mini de lomos de vis\u00f3n *upcycling. La puedes llevar cruzada, al hombro o si lo prefieres, atada a la cintura, ya que incluye una pesta\u00f1a invisible en la parte de atr\u00e1s para pasar una correa o cintur\u00f3n. Incluye correa fina de piel larga y otra corta para llevarlo en mano, ambas con mosquetones para [&hellip;]<\/p>\n","protected":false},"featured_media":2763,"comment_status":"closed","ping_status":"closed","template":"","meta":[],"product_brand":[],"product_cat":[23,22],"product_tag":[],"class_list":{"0":"post-190","1":"product","2":"type-product","3":"status-publish","4":"has-post-thumbnail","6":"product_cat-bolsos-piel","7":"product_cat-bolsos-piel-tejido","9":"first","10":"instock","11":"taxable","12":"shipping-taxable","13":"purchasable","14":"product-type-variable"},"_links":{"self":[{"href":"https:\/\/www.silbaranera.com\/eng\/wp-json\/wp\/v2\/product\/190","targetHints":{"allow":["GET"]}}],"collection":[{"href":"https:\/\/www.silbaranera.com\/eng\/wp-json\/wp\/v2\/product"}],"about":[{"href":"https:\/\/www.silbaranera.com\/eng\/wp-json\/wp\/v2\/types\/product"}],"replies":[{"embeddable":true,"href":"https:\/\/www.silbaranera.com\/eng\/wp-json\/wp\/v2\/comments?post=190"}],"version-history":[{"count":8,"href":"https:\/\/www.silbaranera.com\/eng\/wp-json\/wp\/v2\/product\/190\/revisions"}],"predecessor-version":[{"id":3919,"href":"https:\/\/www.silbaranera.com\/eng\/wp-json\/wp\/v2\/product\/190\/revisions\/3919"}],"wp:featuredmedia":[{"embeddable":true,"href":"https:\/\/www.silbaranera.com\/eng\/wp-json\/wp\/v2\/media\/2763"}],"wp:attachment":[{"href":"https:\/\/www.silbaranera.com\/eng\/wp-json\/wp\/v2\/media?parent=190"}],"wp:term":[{"taxonomy":"product_brand","embeddable":true,"href":"https:\/\/www.silbaranera.com\/eng\/wp-json\/wp\/v2\/product_brand?post=190"},{"taxonomy":"product_cat","embeddable":true,"href":"https:\/\/www.silbaranera.com\/eng\/wp-json\/wp\/v2\/product_cat?post=190"},{"taxonomy":"product_tag","embeddable":true,"href":"https:\/\/www.silbaranera.com\/eng\/wp-json\/wp\/v2\/product_tag?post=190"}],"curies":[{"name":"wp","href":"https:\/\/api.w.org\/{rel}","templated":true}]}}