{"id":3,"date":"2021-06-01T12:30:58","date_gmt":"2021-06-01T10:30:58","guid":{"rendered":"https:\/\/www.silbaranera.com\/?page_id=3"},"modified":"2021-06-09T17:04:40","modified_gmt":"2021-06-09T15:04:40","slug":"politica-de-privacidad","status":"publish","type":"page","link":"https:\/\/www.silbaranera.com\/eng\/politica-de-privacidad\/","title":{"rendered":"Pol\u00edtica de Privacidad y Cookies"},"content":{"rendered":"<div data-elementor-type=\"wp-page\" data-elementor-id=\"3\" class=\"elementor elementor-3\" data-elementor-post-type=\"page\">\n\t\t\t\t\t\t<section class=\"elementor-section elementor-top-section elementor-element elementor-element-b3d4eae elementor-section-boxed elementor-section-height-default elementor-section-height-default\" data-id=\"b3d4eae\" data-element_type=\"section\" data-e-type=\"section\" data-settings=\"{&quot;jet_parallax_layout_list&quot;:[]}\">\n\t\t\t\t\t\t<div class=\"elementor-container elementor-column-gap-default\">\n\t\t\t\t\t<div class=\"elementor-column elementor-col-100 elementor-top-column elementor-element elementor-element-3856b34\" data-id=\"3856b34\" data-element_type=\"column\" data-e-type=\"column\">\n\t\t\t<div class=\"elementor-widget-wrap elementor-element-populated\">\n\t\t\t\t\t\t<div class=\"elementor-element elementor-element-16eff73 elementor-widget elementor-widget-heading\" data-id=\"16eff73\" data-element_type=\"widget\" data-e-type=\"widget\" data-widget_type=\"heading.default\">\n\t\t\t\t<div class=\"elementor-widget-container\">\n\t\t\t\t\t<h1 class=\"elementor-heading-title elementor-size-default\">PRIVACIDAD Y PROTECCION DE DATOS PERSONALES<\/h1>\t\t\t\t<\/div>\n\t\t\t\t<\/div>\n\t\t\t\t<div class=\"elementor-element elementor-element-dc9e31e elementor-widget elementor-widget-text-editor\" data-id=\"dc9e31e\" data-element_type=\"widget\" data-e-type=\"widget\" data-widget_type=\"text-editor.default\">\n\t\t\t\t<div class=\"elementor-widget-container\">\n\t\t\t\t\t\t\t\t\t<p><strong>Privacidad y protecci\u00f3n de datos personales<\/strong>.<br \/>A los efectos de lo previsto en la Ley Org\u00e1nica 15\/1999, de 13 de diciembre, de Protecci\u00f3n de Datos de Car\u00e1cter Personal, <strong><em>SiL Baranera<\/em><\/strong> te informa de la existencia de un fichero de datos de car\u00e1cter personal creado por y bajo la responsabilidad del Prestador con los datos obtenidos en el sitio web www.silbaranera.com, debidamente inscrito ante la Agencia Espa\u00f1ola de Protecci\u00f3n de Datos.<\/p><p>La finalidad de dicho fichero es gestionar tu relaci\u00f3n contractual con nosotros y para el env\u00edo, a trav\u00e9s de cualquier medio, de informaci\u00f3n referida a los productos y servicios ofrecidos por <strong><em>SiL Baranera<\/em><\/strong>, que puedan ser de tu inter\u00e9s, a partir del estudio de los datos recabados durante la navegaci\u00f3n por el sitio web, de los datos proporcionados a trav\u00e9s de cualquier formulario, as\u00ed como los derivados de la relaci\u00f3n comercial o entrega de los productos adquiridos, as\u00ed como cualquier otro que pudieras hacernos llegar por otra v\u00eda. La utilizaci\u00f3n del sitio web y la realizaci\u00f3n de un pedido implican la aceptaci\u00f3n por el usuario o cliente del tratamiento de sus datos personales.<\/p><p><strong><em>SiL Baranera<\/em><\/strong> no dispone en ning\u00fan momento de los datos relativos a su tarjeta de cr\u00e9dito. Los datos se introducen directamente en una p\u00e1gina web segura de la entidad bancaria que gestiona el pago, garantiz\u00e1ndole as\u00ed mayor seguridad y confidencialidad.<\/p><p><strong><em>SiL Baranera<\/em><\/strong> se compromete en la utilizaci\u00f3n de los datos incluidos en el fichero, a respetar su confidencialidad y a utilizarlos de acuerdo con la finalidad del fichero antes descrita el Prestador ha adaptado las medidas de seguridad impuestas por el Real Decreto 1720\/2007 de 21 de diciembre por el que se aprueba el reglamento que desarrolla la LO 15\/1999, para evitar la alteraci\u00f3n, p\u00e9rdida, tratamiento o acceso no autorizado de los datos.<\/p><p>En cumplimiento de lo dispuesto en la Ley Org\u00e1nica 15\/1999 de 13 de diciembre, los clientes y usuarios de <strong>www.silbaranera.com<\/strong> pueden, en todo momento, ejercitar los derechos de acceso, rectificaci\u00f3n, cancelaci\u00f3n y oposici\u00f3n sobre sus datos personales comunic\u00e1ndolo por escrito a: SIRA LOPEZ HEREDIA (SiL Baranera), Calle Garcilaso,57 2\u00ba1\u00aa, 08201 Sabadell (Barcelona) Espa\u00f1a, e indicando el nombre y apellidos, usuario y email con el que se dio de alta, y adjuntando fotocopia del DNI del usuario.<\/p>\t\t\t\t\t\t\t\t<\/div>\n\t\t\t\t<\/div>\n\t\t\t\t\t<\/div>\n\t\t<\/div>\n\t\t\t\t\t<\/div>\n\t\t<\/section>\n\t\t\t\t<section class=\"elementor-section elementor-top-section elementor-element elementor-element-dd99182 elementor-section-boxed elementor-section-height-default elementor-section-height-default\" data-id=\"dd99182\" data-element_type=\"section\" data-e-type=\"section\" data-settings=\"{&quot;jet_parallax_layout_list&quot;:[]}\">\n\t\t\t\t\t\t<div class=\"elementor-container elementor-column-gap-default\">\n\t\t\t\t\t<div class=\"elementor-column elementor-col-100 elementor-top-column elementor-element elementor-element-4dca4c9\" data-id=\"4dca4c9\" data-element_type=\"column\" data-e-type=\"column\">\n\t\t\t<div class=\"elementor-widget-wrap elementor-element-populated\">\n\t\t\t\t\t\t<div class=\"elementor-element elementor-element-855ee82 elementor-widget elementor-widget-heading\" data-id=\"855ee82\" data-element_type=\"widget\" data-e-type=\"widget\" data-widget_type=\"heading.default\">\n\t\t\t\t<div class=\"elementor-widget-container\">\n\t\t\t\t\t<h2 class=\"elementor-heading-title elementor-size-default\">USO DE COOKIES<\/h2>\t\t\t\t<\/div>\n\t\t\t\t<\/div>\n\t\t\t\t<div class=\"elementor-element elementor-element-909d3ab elementor-widget elementor-widget-text-editor\" data-id=\"909d3ab\" data-element_type=\"widget\" data-e-type=\"widget\" data-widget_type=\"text-editor.default\">\n\t\t\t\t<div class=\"elementor-widget-container\">\n\t\t\t\t\t\t\t\t\t<p>Las cookies son peque\u00f1os archivos de datos que se reciben en el terminal desde el sitio Web visitado y se usan para registrar ciertas interacciones de la navegaci\u00f3n en un sitio Web almacenando datos que podr\u00e1n ser actualizados y recuperados. Estos archivos se almacenan en el ordenador del usuario y contiene datos an\u00f3nimos que no son perjudiciales para su equipo. Se utilizan para recordar las preferencias del usuario, como el idioma seleccionado, datos de acceso o personalizaci\u00f3n de la p\u00e1gina.<\/p><p>Las cookies tambi\u00e9n pueden ser utilizadas para registrar informaci\u00f3n an\u00f3nima acerca de c\u00f3mo un visitante utiliza un sitio. Por ejemplo, desde qu\u00e9 p\u00e1gina Web ha accedido, o si ha utilizado un \u00abbanner\u00bb publicitario para llegar.<\/p><p><strong>\u00bfPor qu\u00e9 utilizamos cookies?<\/strong><br \/><br \/><strong><em>SiL Baranera<\/em><\/strong> utiliza cookies estrictamente necesarias y esenciales para que usted utilice nuestros sitios Web y le permitan moverse libremente, utilizar \u00e1reas seguras, opciones personalizadas, etc. <strong><em>SiL Baranera<\/em><\/strong> utiliza cookies que recogen datos relativos al an\u00e1lisis de uso de la Web. \u00c9stas se utilizan para ayudar a mejorar el servicio al cliente, midiendo el uso y el rendimiento de la p\u00e1gina, para optimizarla y personalizarla.<br \/>Nuestros sitios tambi\u00e9n pueden tener enlaces de redes sociales (como Facebook o Twitter)<\/p><p>\u00a0<strong><em>SiL Baranera<\/em><\/strong> no controla las cookies utilizadas por estas Web externas. Para m\u00e1s informaci\u00f3n sobre las cookies de las redes sociales u otras Webs ajenas, aconsejamos revisar sus propias pol\u00edticas de cookies.<br \/><br \/><strong>\u00bfQu\u00e9 uso le damos a los diferentes tipos de cookies?<\/strong><br \/><br \/>Seg\u00fan su finalidad:<\/p><ul><li><strong>Cookies t\u00e9cnicas:<\/strong>\u00a0Las cookies t\u00e9cnicas son aquellas imprescindibles y estrictamente necesarias para el correcto funcionamiento de un portal Web y la utilizaci\u00f3n de las diferentes opciones y servicios que ofrece. Por ejemplo, las que sirven para el mantenimiento de la sesi\u00f3n, la gesti\u00f3n del tiempo de respuesta, rendimiento o validaci\u00f3n de opciones, utilizar elementos de seguridad, compartir contenido con redes sociales, etc.<\/li><li><strong>Cookies de personalizaci\u00f3n:<\/strong>\u00a0Estas cookies permiten al usuario especificar o personalizar algunas caracter\u00edsticas de las opciones generales de la p\u00e1gina Web, Por ejemplo, definir el idioma, configuraci\u00f3n regional o tipo de navegador.<\/li><li><strong>Cookies anal\u00edticas:<\/strong>\u00a0Las cookies anal\u00edticas son las utilizadas por nuestro portal Web, para elaborar perfiles de navegaci\u00f3n y poder conocer las preferencias de los usuarios del mismo con el fin de mejorar la oferta de productos y servicios. Por ejemplo, mediante una cookie anal\u00edtica se controlar\u00edan las \u00e1reas geogr\u00e1ficas de mayor inter\u00e9s de un usuario, cu\u00e1l es el producto de m\u00e1s aceptaci\u00f3n, etc.<\/li><li><strong>Cookies publicitarias \/ de publicidad:<\/strong>\u00a0Las cookies publicitarias permiten la gesti\u00f3n de los espacios publicitarios en base a criterios concretos. Por ejemplo, la frecuencia de acceso, el contenido editado, etc. Las cookies de publicidad permiten a trav\u00e9s de la gesti\u00f3n de la publicidad almacenar informaci\u00f3n del comportamiento a trav\u00e9s de la observaci\u00f3n de h\u00e1bitos, estudiando los accesos y formando un perfil de preferencias del usuario, para ofrecerle publicidad relacionada con los intereses de su perfil.<\/li><\/ul><p>Seg\u00fan plazo:<\/p><ul><li><strong>Cookies de sesi\u00f3n:<\/strong>\u00a0Las cookies de sesi\u00f3n son aquellas que duran el tiempo que el usuario est\u00e1 navegando por la p\u00e1gina Web y se borran al t\u00e9rmino.<\/li><li><strong>Cookies persistentes:<\/strong>\u00a0Estas cookies quedan almacenadas en el terminal del usuario, por un tiempo m\u00e1s largo, facilitando as\u00ed el control de las preferencias elegidas sin tener que repetir ciertos par\u00e1metros cada vez que se visite el sitio Web.<\/li><\/ul><p><strong>\u00bfY si no quiero tener estas cookies o no hago nada al respecto?<\/strong><br \/><br \/>Para cumplir con la legislaci\u00f3n vigente, tenemos que pedir su permiso para gestionar cookies. Si decide no autorizar el tratamiento indic\u00e1ndonos su no conformidad, s\u00f3lo usar\u00edamos las cookies t\u00e9cnicas, puesto que son imprescindibles para la navegaci\u00f3n por nuestra Web. En este caso, no almacenar\u00edamos ninguna cookie. En el caso de seguir navegando por nuestro sitio Web sin denegar su autorizaci\u00f3n implica que acepta su uso.<br \/>Tenga en cuenta que si rechaza o borra las cookies de navegaci\u00f3n por la Web, no podremos mantener sus preferencias, algunas caracter\u00edsticas de las p\u00e1ginas no estar\u00e1n operativas, no podremos ofrecerle servicios personalizados y cada vez que vaya a navegar por nuestra Web tendremos que solicitarle de nuevo su autorizaci\u00f3n para el uso de cookies.<br \/>Si aun as\u00ed, decide modificar la configuraci\u00f3n de su acceso a la p\u00e1gina Web, debe saber que es posible eliminar las cookies o impedir que se registre esta informaci\u00f3n en su equipo en cualquier momento mediante la modificaci\u00f3n de los par\u00e1metros de configuraci\u00f3n de su navegador:<br \/><br \/><a href=\"http:\/\/windows.microsoft.com\/es-es\/windows-vista\/block-or-allow-cookies\">Configuraci\u00f3n de cookies de Internet Explorer<\/a><br \/><a href=\"http:\/\/support.mozilla.org\/es\/kb\/habilitar-y-deshabilitar-cookies-que-los-sitios-we\">Configuraci\u00f3n de cookies de Firefox<\/a><br \/><a href=\"https:\/\/support.google.com\/chrome\/answer\/95647?hl=es\">Configuraci\u00f3n de cookies de Google Chrome<\/a><br \/><a href=\"http:\/\/support.apple.com\/kb\/HT1677?viewlocale=es_ES&amp;locale=es_ES\">Configuraci\u00f3n de cookies de Safari<\/a><br \/><br \/>Estos navegadores est\u00e1n sometidos a actualizaciones o modificaciones, por lo que no podemos garantizar que se ajusten completamente a la versi\u00f3n de su navegador. Tambi\u00e9n puede ser que utilice otro navegador no contemplado en estos enlaces como Konqueror, Arora, Flock, etc. Para evitar estos desajustes, puede acceder directamente desde las opciones de su navegador que se encuentra generalmente en el men\u00fa de Opciones, en la secci\u00f3n de \u00abPrivacidad\u00bb. (Por favor, consulte la ayuda de su navegador para m\u00e1s informaci\u00f3n.)<br \/><br \/>Si est\u00e1 de acuerdo con la pol\u00edtica de cookies de <strong><em>SiL Baranera<\/em><\/strong> clique en el bot\u00f3n ACEPTAR del banner que aparece en nuestra p\u00e1gina web.<br \/><br \/><strong>\u00bfD\u00f3nde puedo obtener m\u00e1s informaci\u00f3n?<\/strong><br \/><br \/>Puedes encontrar m\u00e1s informaci\u00f3n sobre cookies en www.allaboutcookies.org o www.youronlinechoices.eu.<\/p>\t\t\t\t\t\t\t\t<\/div>\n\t\t\t\t<\/div>\n\t\t\t\t\t<\/div>\n\t\t<\/div>\n\t\t\t\t\t<\/div>\n\t\t<\/section>\n\t\t\t\t<\/div>","protected":false},"excerpt":{"rendered":"<p>PRIVACIDAD Y PROTECCION DE DATOS PERSONALES Privacidad y protecci\u00f3n de datos personales. A los efectos de lo previsto en la Ley Org\u00e1nica 15\/1999, de 13 de diciembre, de Protecci\u00f3n de Datos de Car\u00e1cter Personal, SiL Baranera te informa de la existencia de un fichero de datos de car\u00e1cter personal creado por y bajo la responsabilidad [&hellip;]<\/p>\n","protected":false},"author":1,"featured_media":0,"parent":0,"menu_order":0,"comment_status":"closed","ping_status":"closed","template":"","meta":{"footnotes":""},"class_list":["post-3","page","type-page","status-publish","hentry"],"_links":{"self":[{"href":"https:\/\/www.silbaranera.com\/eng\/wp-json\/wp\/v2\/pages\/3","targetHints":{"allow":["GET"]}}],"collection":[{"href":"https:\/\/www.silbaranera.com\/eng\/wp-json\/wp\/v2\/pages"}],"about":[{"href":"https:\/\/www.silbaranera.com\/eng\/wp-json\/wp\/v2\/types\/page"}],"author":[{"embeddable":true,"href":"https:\/\/www.silbaranera.com\/eng\/wp-json\/wp\/v2\/users\/1"}],"replies":[{"embeddable":true,"href":"https:\/\/www.silbaranera.com\/eng\/wp-json\/wp\/v2\/comments?post=3"}],"version-history":[{"count":5,"href":"https:\/\/www.silbaranera.com\/eng\/wp-json\/wp\/v2\/pages\/3\/revisions"}],"predecessor-version":[{"id":154,"href":"https:\/\/www.silbaranera.com\/eng\/wp-json\/wp\/v2\/pages\/3\/revisions\/154"}],"wp:attachment":[{"href":"https:\/\/www.silbaranera.com\/eng\/wp-json\/wp\/v2\/media?parent=3"}],"curies":[{"name":"wp","href":"https:\/\/api.w.org\/{rel}","templated":true}]}}