{"id":155,"date":"2021-06-09T17:05:00","date_gmt":"2021-06-09T15:05:00","guid":{"rendered":"https:\/\/www.silbaranera.com\/?page_id=155"},"modified":"2021-06-09T17:05:58","modified_gmt":"2021-06-09T15:05:58","slug":"aviso-legal-y-condiciones","status":"publish","type":"page","link":"https:\/\/www.silbaranera.com\/eng\/aviso-legal-y-condiciones\/","title":{"rendered":"AVISO LEGAL Y CONDICIONES"},"content":{"rendered":"<div data-elementor-type=\"wp-page\" data-elementor-id=\"155\" class=\"elementor elementor-155\" data-elementor-post-type=\"page\">\n\t\t\t\t\t\t<section class=\"elementor-section elementor-top-section elementor-element elementor-element-81f0b28 elementor-section-boxed elementor-section-height-default elementor-section-height-default\" data-id=\"81f0b28\" data-element_type=\"section\" data-e-type=\"section\" data-settings=\"{&quot;jet_parallax_layout_list&quot;:[]}\">\n\t\t\t\t\t\t<div class=\"elementor-container elementor-column-gap-default\">\n\t\t\t\t\t<div class=\"elementor-column elementor-col-100 elementor-top-column elementor-element elementor-element-5d95f6e\" data-id=\"5d95f6e\" data-element_type=\"column\" data-e-type=\"column\">\n\t\t\t<div class=\"elementor-widget-wrap elementor-element-populated\">\n\t\t\t\t\t\t<div class=\"elementor-element elementor-element-f2616c5 elementor-widget elementor-widget-heading\" data-id=\"f2616c5\" data-element_type=\"widget\" data-e-type=\"widget\" data-widget_type=\"heading.default\">\n\t\t\t\t<div class=\"elementor-widget-container\">\n\t\t\t\t\t<h1 class=\"elementor-heading-title elementor-size-default\">AVISO LEGAL Y CONDICIONES<\/h1>\t\t\t\t<\/div>\n\t\t\t\t<\/div>\n\t\t\t\t<div class=\"elementor-element elementor-element-c17954d elementor-widget elementor-widget-text-editor\" data-id=\"c17954d\" data-element_type=\"widget\" data-e-type=\"widget\" data-widget_type=\"text-editor.default\">\n\t\t\t\t<div class=\"elementor-widget-container\">\n\t\t\t\t\t\t\t\t\t<p><strong>DATOS IDENTIFICATIVOS<\/strong><\/p><p>En cumplimiento con el deber de informaci\u00f3n recogido en art\u00edculo 10 de la Ley 34\/2002, de 11 de julio, de Servicios de la Sociedad de la Informaci\u00f3n y del Comercio Electr\u00f3nico, a continuaci\u00f3n se reflejan los siguientes datos:\u00a0SIRA LOPEZ HEREDIA\u00a0(en adelante <strong><em>SiL Baranera<\/em><\/strong>) con D.N.I. n\u00famero 43522151X, y con domicilio a estos efectos en la calle Garcilaso,57\u00a0 2\u00ba1\u00ba \u00a0Sabadell (Barcelona) es el titular del sitio web \u201c<a href=\"https:\/\/www.silbaranera.com\/eng\/\">www.silbaranera.com<\/a>\u201d (en adelante, \u201cel portal o sitio web\u201d), y la direcci\u00f3n de correo electr\u00f3nico de contacto es:\u00a0<a href=\"mailto:sil.baranera@gmail.com\">sil.baranera@gmail.com<\/a><\/p><p><strong>OBJETO Y AMBITO DE APLICACION<\/strong><br \/>Las presentes condiciones generales de contrataci\u00f3n y utilizaci\u00f3n del sitio web (en adelante, las Condiciones Generales), tienen por objeto regular la informaci\u00f3n suministrada en el sitio web www.silbaranera.com y las transacciones comerciales que se desarrollen entre <strong><em>SiL Baranera<\/em><\/strong> y sus usuarios y clientes.<\/p><p>La navegaci\u00f3n por parte de un usuario en la tienda online de www.silbaranera.com como la adquisici\u00f3n de cualquiera de los productos ofertados en ella por parte de un cliente suponen la aceptaci\u00f3n de todas y cada una de las presentes Condiciones Generales. <strong><em>SiL Baranera<\/em><\/strong> se reserva el derecho a modificar en todo momento y sin previo aviso modificar las Condiciones Generales mediante la publicaci\u00f3n de dichas modificaciones en el sitio web de modo que puedan ser conocidas de antemano por los usuarios y clientes.<\/p><p>Si tienes alguna pregunta relacionada con las Condiciones Generales o la Pol\u00edtica de Privacidad puedes ponerte en contacto con nosotros mediante nuestro formulario de contacto.<\/p><p><strong>\u00a0<\/strong><\/p><p><strong>INFORMACION EN EL SITIO WEB<\/strong><br \/><strong><em>SiL Baranera<\/em><\/strong> se reserva el derecho de modificar la oferta comercial (productos, precios, promociones y otras condiciones comerciales y de servicio) presentada www.silbaranera.com en cualquier momento. Hacemos todos los esfuerzos para que la informaci\u00f3n contenida en el sitio web sea veraz y no incluya errores tipogr\u00e1ficos. En el caso que en alg\u00fan momento se produjera alg\u00fan error de este tipo, procederemos de inmediato a su correcci\u00f3n.<\/p><p>De existir un error tipogr\u00e1fico en alguno de los precios mostrados y alg\u00fan cliente hubiera tomado una decisi\u00f3n de compra basada en dicho error, le comunicaremos dicho error y el cliente tendr\u00e1 derecho a reconfirmar su pedido al precio correcto o bien a desistir de su compra sin ning\u00fan coste por su parte.<\/p><p>Si no logramos ponernos en contacto contigo, el pedido se considerar\u00e1 cancelado y se reembolsar\u00e1n \u00edntegramente las cantidades que hubiesen sido abonadas.<\/p><p><strong><em>SiL Baranera<\/em><\/strong> no es responsable ni directa ni indirectamente de ninguna de las informaciones, contenidos, afirmaciones y expresiones que contengan los productos comercializados en el sitio web. Debido a la naturaleza abierta de este sitio web y a la posibilidad de que se produzcan errores en el almacenaje y transmisi\u00f3n de informaci\u00f3n digital, no garantizamos la precisi\u00f3n y seguridad de la informaci\u00f3n transmitida u obtenida por medio de esta p\u00e1gina web a no ser que se establezca expresamente lo contrario en la misma.<\/p><p><strong>\u00a0<\/strong><\/p><p><strong>RESPONSABILIDAD DE SIL BARANERA<\/strong><br \/>Los usuarios y clientes asumen toda la responsabilidad derivada del uso de nuestro sitio web. En este sentido, aceptan que <strong><em>SiL Baranera<\/em><\/strong> no ser\u00e1 responsable, directa o indirectamente, de los da\u00f1os y perjuicios de cualquier naturaleza derivados de la utilizaci\u00f3n del sitio web y, en especial, de la suplantaci\u00f3n de la identidad efectuada por un tercero o cualquier utilizaci\u00f3n fraudulenta de su tarjeta. Usted es el \u00fanico responsable de custodiar diligentemente los datos de sus tarjetas de cr\u00e9dito. En el caso de p\u00e9rdida o sustracci\u00f3n de su tarjeta de cr\u00e9dito, usted es responsable de comunicarlo a la oficina de la red emisora de la tarjeta m\u00e1s pr\u00f3xima inmediatamente por tel\u00e9fono o por cualquier otro medio.<\/p><p>El Usuario reconoce que t\u00e9cnicamente no es posible lograr una disponibilidad del sitio web al completo. Sin embargo, <strong><em>SiL Baranera<\/em><\/strong> se esforzar\u00e1 por mantener disponible el sitio web de la forma m\u00e1s constante posible. En especial, por razones de mantenimiento, seguridad o capacidad, as\u00ed\u00ad como a consecuencia de acontecimientos sobre los que no pueda ejercer ning\u00fan control (tales como interferencias, omisiones, interrupciones, virus inform\u00e1ticos, aver\u00edas y\/o desconexiones en el funcionamiento operativo de este sistema electr\u00f3nico o en los aparatos y equipos inform\u00e1ticos de los usuarios.), pueden producirse breves anomal\u00ed\u00adas o la suspensi\u00f3n pasajera de los servicios de www.silbaranera.com.<\/p><p><strong><em>SiL Baranera<\/em><\/strong> no controla, con car\u00e1cter general, la utilizaci\u00f3n que los usuarios hacen del sitio web. En particular no garantiza bajo ning\u00fan extremo que los usuarios utilicen el sitio web de conformidad con la ley, las presentes Condiciones Generales, la moral y buenas costumbres generalmente aceptadas y el orden p\u00fablico, ni tampoco que lo hagan de forma diligente y prudente.<\/p><p>La responsabilidad de<strong><em> SiL Baranera<\/em><\/strong> en relaci\u00f3n con cualquier producto adquirido en el sitio web www.silbaranera.com quedar\u00e1 limitada estrictamente al precio de compra de dicho producto.<\/p><p><strong>\u00a0<\/strong><\/p><p><strong>OBLIGACIONES DE CLIENTES Y USUARIOS<\/strong><br \/>Con car\u00e1cter general el usuario se obliga al cumplimiento de las Condiciones Generales, as\u00ed como a cumplir las especiales advertencias o instrucciones de uso contenidas en las mismas o en el sitio web y obrar siempre conforme a la ley, a las buenas costumbres y a las exigencias de la buena fe, empleando la diligencia debida, y absteni\u00e9ndose de utilizar el sitio web de cualquier forma que pueda impedir, da\u00f1ar o deteriorar el normal funcionamiento del mismo, los bienes o derechos de<strong><em> SiL Baranera<\/em><\/strong> sus proveedores, el resto de usuarios y clientes o, en general, de cualquier tercero. Queda prohibido el acceso y uso del portal a los menores de edad sin el consentimiento expreso de sus padres y a los adultos que no cuenten con la capacidad de obrar para obligarse contractualmente; <strong><em>SiL Baranera<\/em><\/strong> no se responsabiliza de la veracidad y exactitud de los datos rellenados por el usuario y por tanto no puede constatar la edad o la capacidad de obrar de los mismos.<\/p><p>Los usuarios y clientes de www.silbaranera.com se obligan a:<\/p><ol><li>a) Utilizar el sitio web para realizar consultas o pedidos l\u00edcitos. Quedan prohibidos todos los pedidos falsos, fraudulentos o con \u00e1nimo defraudatorio.<\/li><li>b) Facilitar informaci\u00f3n veraz sobre los datos solicitados en el formulario de registro de cliente o de realizaci\u00f3n del pedido, y a mantenerlos actualizados. En particular, resulta necesario que nos facilites una direcci\u00f3n de correo electr\u00f3nico y una direcci\u00f3n postal para la realizaci\u00f3n de los env\u00edos y, en su caso, otros datos de contacto que podremos utilizar para ponernos en contacto contigo si es necesario.<\/li><li>c) No introducir, almacenar o difundir en el sitio web ning\u00fan programa, datos, virus, c\u00f3digo, robot o cualquier otro dispositivo electr\u00f3nico o f\u00edsico que sea susceptible de causar da\u00f1os en el sitio web, en cualquiera de los servicios, o en cualquiera de los equipos, sistemas o redes del Prestador de cualquier otro usuario o cliente o, en general, de cualquier tercero.<\/li><li>d) Conservar con la diligencia debida el \u00abnombre de usuario\u00bb y la \u00abcontrase\u00f1a\u00bb que le sea facilitada por <strong><em>SiL Baranera<\/em><\/strong>. El cliente ser\u00e1 responsable en todo momento de la custodia de sus claves de acceso que son personal e intransferible, asumiendo en consecuencia cualesquiera da\u00f1os y perjuicios que pudieran derivarse de su uso indebido, as\u00ed como de la cesi\u00f3n, revelaci\u00f3n o extrav\u00edo de las mismas. A estos efectos, el acceso a \u00e1reas restringidas y\/o el uso de los contenidos del sitio web realizado bajo la contrase\u00f1a de un cliente se reputar\u00e1n realizadas por dicho cliente, quien responder\u00e1 en todo caso de dicho acceso y uso con completa indemnidad para <strong><em>SiL Baranera<\/em><\/strong>. En caso de que se produzca alguna circunstancia que suponga un riesgo de acceso y\/o utilizaci\u00f3n por parte de terceros no autorizados, el cliente deber\u00e1 comunic\u00e1rnoslo inmediatamente a fin de que procedamos inmediatamente al bloqueo y sustituci\u00f3n de la misma.<\/li><li>e) No incluir o difundir en el sitio web cualquier contenido que infrinja derechos de propiedad intelectual, industrial o secretos empresariales de terceros.<\/li><li>f) No realizar actividades publicitarias o de explotaci\u00f3n comercial a trav\u00e9s del sitio web, y a no utilizar los contenidos y la informaci\u00f3n incluida en el sitio web para remitir publicidad, o enviar mensajes con cualquier otro fin comercial, ni para recoger o almacenar datos personales de terceros.<\/li><\/ol><p>El usuario y el cliente aceptan que la inobservancia de cualquiera de las Condiciones Generales constituir\u00e1 un incumplimiento de las mismas reserv\u00e1ndose <strong><em>SiL Baranera<\/em><\/strong> el derecho de denegar o retirar al usuario o al cliente que hayan incumplido las Condiciones Generales, sin previo aviso, el acceso al sitio web y el derecho del Prestador de ejercer las acciones que le correspondan en derecho.<\/p><p><strong>REALIZACION DEL PEDIDO<\/strong><br \/>Para realizar un pedido es necesario conectarse a <a href=\"https:\/\/www.silbaranera.com\/eng\/\">www.silbaranera.com<\/a> cumplimentando el formulario electr\u00f3nico que en cada momento aparezca en la tienda y siguiendo las instrucciones indicadas en el mismo.<\/p><p>Los precios y ofertas presentados en el sitio web son v\u00e1lidos \u00fanica y exclusivamente para pedidos online realizados en www.silbaranera.com, y pueden no coincidir con los precios y ofertas vigentes en las tiendas presenciales de otros proveedores de sus productos.<\/p><p>Todos los precios que se indican en www.silbaranera.com incluyen el IVA. Estos precios incluyen los gastos correspondientes al env\u00edo de los productos, para territorio peninsular. Resto de regiones nacionales y de pa\u00edses a consultar.<\/p><p>La validaci\u00f3n del pedido por parte del cliente supone expresamente el conocimiento y aceptaci\u00f3n de estas Condiciones Generales como parte de la celebraci\u00f3n del contrato. Una vez efectuada la compra y en el plazo m\u00e1s breve posible, siempre antes de que transcurran 24 horas desde la ejecuci\u00f3n de la compra, <strong><em>SiL Baranera<\/em><\/strong> remitir\u00e1 al cliente un e-mail comprobante de la compra. Si el cliente no est\u00e1 de acuerdo con los datos consignados en dicha confirmaci\u00f3n podr\u00e1 solicitar la modificaci\u00f3n de los mismos o la anulaci\u00f3n del contrato.<\/p><p><strong>DISPONIBILIDAD DE PRODUCTOS<\/strong><br \/>La selecci\u00f3n de productos ofrecidos en www.silbaranera.com es v\u00e1lida en tanto que los productos est\u00e9n visibles en el sitio web, con los l\u00edmites de stock disponibles o en su defecto procedemos a la fabricaci\u00f3n i\/o confecci\u00f3n del mismo. Todos los pedidos est\u00e1n sujetos a la disponibilidad de los mismos o de sus materiales. Si se producen dificultades en cuanto a su suministro o stock, podemos ofrecerte productos sustitutivos de igual o diferente precio, pero si no deseas el cambio o esperar unos d\u00edas m\u00e1s a tener el producto disponible, te reembolsaremos cualquier cantidad que pudieras haber abonado.<\/p><p>Nos reservamos el derecho de retirar cualquier producto de este sitio Web en cualquier momento.<\/p><p>No aceptamos ninguna responsabilidad sobre el hecho de quitar o modificar cualquier producto o contenido del sitio web, o por no tramitar un pedido una vez que hayamos enviado la confirmaci\u00f3n de env\u00edo.<\/p><p><strong>COMUNICACIONES POR ESCRITO<\/strong><br \/>Al usar este sitio web, Usted acepta que la mayor parte de las comunicaciones con nosotros sean electr\u00f3nicas. Las notificaciones que nos env\u00ede deber\u00e1n enviarse preferiblemente a trav\u00e9s de nuestro formulario de contacto.<\/p><p>Se entender\u00e1 que las notificaciones han sido recibidas 24 horas despu\u00e9s de haberse enviado un correo electr\u00f3nico. Si cree no haberlas recibido p\u00f3ngase en contacto con nosotros a trav\u00e9s del formulario de contacto.<\/p><p><br \/>Las compraventas realizadas en www.silbaranera.com se someten a la legislaci\u00f3n espa\u00f1ola.<br \/>En el supuesto de que surja cualquier conflicto o discrepancia en la interpretaci\u00f3n o aplicaci\u00f3n de las presentes condiciones contractuales, los Juzgados y Tribunales que, en su caso, conocer\u00e1n del asunto, ser\u00e1n los que disponga la normativa legal aplicable en materia de jurisdicci\u00f3n competente, en la que se atiende, trat\u00e1ndose de consumidores finales, al lugar del cumplimiento de la obligaci\u00f3n o al del domicilio de la parte compradora.<\/p><p>En el caso de que la parte compradora tenga su domicilio fuera de Espa\u00f1a, o que se trate de una compraventa realizada por una empresa, ambas partes se someten, con renuncia expresa a cualquier otro fuero, a los Juzgados y Tribunales de Sabadell \u2013 Barcelona (Espa\u00f1a).<\/p>\t\t\t\t\t\t\t\t<\/div>\n\t\t\t\t<\/div>\n\t\t\t\t\t<\/div>\n\t\t<\/div>\n\t\t\t\t\t<\/div>\n\t\t<\/section>\n\t\t\t\t<\/div>","protected":false},"excerpt":{"rendered":"<p>AVISO LEGAL Y CONDICIONES DATOS IDENTIFICATIVOS En cumplimiento con el deber de informaci\u00f3n recogido en art\u00edculo 10 de la Ley 34\/2002, de 11 de julio, de Servicios de la Sociedad de la Informaci\u00f3n y del Comercio Electr\u00f3nico, a continuaci\u00f3n se reflejan los siguientes datos:\u00a0SIRA LOPEZ HEREDIA\u00a0(en adelante SiL Baranera) con D.N.I. n\u00famero 43522151X, y con [&hellip;]<\/p>\n","protected":false},"author":1,"featured_media":0,"parent":0,"menu_order":0,"comment_status":"closed","ping_status":"closed","template":"","meta":{"footnotes":""},"class_list":["post-155","page","type-page","status-publish","hentry"],"_links":{"self":[{"href":"https:\/\/www.silbaranera.com\/eng\/wp-json\/wp\/v2\/pages\/155","targetHints":{"allow":["GET"]}}],"collection":[{"href":"https:\/\/www.silbaranera.com\/eng\/wp-json\/wp\/v2\/pages"}],"about":[{"href":"https:\/\/www.silbaranera.com\/eng\/wp-json\/wp\/v2\/types\/page"}],"author":[{"embeddable":true,"href":"https:\/\/www.silbaranera.com\/eng\/wp-json\/wp\/v2\/users\/1"}],"replies":[{"embeddable":true,"href":"https:\/\/www.silbaranera.com\/eng\/wp-json\/wp\/v2\/comments?post=155"}],"version-history":[{"count":4,"href":"https:\/\/www.silbaranera.com\/eng\/wp-json\/wp\/v2\/pages\/155\/revisions"}],"predecessor-version":[{"id":159,"href":"https:\/\/www.silbaranera.com\/eng\/wp-json\/wp\/v2\/pages\/155\/revisions\/159"}],"wp:attachment":[{"href":"https:\/\/www.silbaranera.com\/eng\/wp-json\/wp\/v2\/media?parent=155"}],"curies":[{"name":"wp","href":"https:\/\/api.w.org\/{rel}","templated":true}]}}